{"id":4685,"date":"2023-04-14T03:53:14","date_gmt":"2023-04-14T03:53:14","guid":{"rendered":"http:\/\/emaj78.org\/?page_id=4685"},"modified":"2023-05-20T22:24:34","modified_gmt":"2023-05-20T20:24:34","slug":"web-cocon","status":"publish","type":"page","link":"https:\/\/emaj78.org\/?page_id=4685","title":{"rendered":"Web-Cocon"},"content":{"rendered":"\t\t<div data-elementor-type=\"wp-page\" data-elementor-id=\"4685\" class=\"elementor elementor-4685\">\n\t\t\t\t\t\t\t\t\t<section class=\"elementor-section elementor-top-section elementor-element elementor-element-9dc842f elementor-section-boxed elementor-section-height-default elementor-section-height-default\" data-id=\"9dc842f\" data-element_type=\"section\" data-settings=\"{&quot;background_background&quot;:&quot;gradient&quot;}\">\n\t\t\t\t\t\t\t<div class=\"elementor-background-overlay\"><\/div>\n\t\t\t\t\t\t\t<div class=\"elementor-container elementor-column-gap-default\">\n\t\t\t\t\t<div class=\"elementor-column elementor-col-100 elementor-top-column elementor-element elementor-element-d467f9f\" data-id=\"d467f9f\" data-element_type=\"column\" data-settings=\"{&quot;background_background&quot;:&quot;classic&quot;}\">\n\t\t\t<div class=\"elementor-widget-wrap elementor-element-populated\">\n\t\t\t\t\t\t\t\t<section class=\"elementor-section elementor-inner-section elementor-element elementor-element-f7e69c7 elementor-section-boxed elementor-section-height-default elementor-section-height-default\" data-id=\"f7e69c7\" data-element_type=\"section\">\n\t\t\t\t\t\t<div class=\"elementor-container elementor-column-gap-default\">\n\t\t\t\t\t<div class=\"elementor-column elementor-col-50 elementor-inner-column elementor-element elementor-element-9327e20\" data-id=\"9327e20\" data-element_type=\"column\">\n\t\t\t<div class=\"elementor-widget-wrap elementor-element-populated\">\n\t\t\t\t\t\t\t\t<div class=\"elementor-element elementor-element-d7ff976 elementor-invisible elementor-widget elementor-widget-text-editor\" data-id=\"d7ff976\" data-element_type=\"widget\" data-settings=\"{&quot;_animation&quot;:&quot;fadeInUp&quot;,&quot;_animation_delay&quot;:200}\" data-widget_type=\"text-editor.default\">\n\t\t\t\t<div class=\"elementor-widget-container\">\n\t\t\t<style>\/*! elementor - v3.17.0 - 08-11-2023 *\/\n.elementor-widget-text-editor.elementor-drop-cap-view-stacked .elementor-drop-cap{background-color:#69727d;color:#fff}.elementor-widget-text-editor.elementor-drop-cap-view-framed .elementor-drop-cap{color:#69727d;border:3px solid;background-color:transparent}.elementor-widget-text-editor:not(.elementor-drop-cap-view-default) .elementor-drop-cap{margin-top:8px}.elementor-widget-text-editor:not(.elementor-drop-cap-view-default) .elementor-drop-cap-letter{width:1em;height:1em}.elementor-widget-text-editor .elementor-drop-cap{float:left;text-align:center;line-height:1;font-size:50px}.elementor-widget-text-editor .elementor-drop-cap-letter{display:inline-block}<\/style>\t\t\t\t<p><strong>Une salle multim\u00e9dia et d\u00e9tente<br \/><\/strong><\/p>\t\t\t\t\t\t<\/div>\n\t\t\t\t<\/div>\n\t\t\t\t<div class=\"elementor-element elementor-element-4076eae elementor-invisible elementor-widget elementor-widget-radiant-custom-heading\" data-id=\"4076eae\" data-element_type=\"widget\" data-settings=\"{&quot;_animation&quot;:&quot;fadeInUp&quot;,&quot;_animation_delay&quot;:300}\" data-widget_type=\"radiant-custom-heading.default\">\n\t\t\t\t<div class=\"elementor-widget-container\">\n\t\t\t<div class=\"rt-hover-heading \"><h1 class=\"rt-title-heading\">Le web-cocon<\/h1>\n                <\/div>\t\t<\/div>\n\t\t\t\t<\/div>\n\t\t\t\t<div class=\"elementor-element elementor-element-391cf92 elementor-invisible elementor-widget elementor-widget-text-editor\" data-id=\"391cf92\" data-element_type=\"widget\" data-settings=\"{&quot;_animation&quot;:&quot;fadeInUp&quot;,&quot;_animation_delay&quot;:400}\" data-widget_type=\"text-editor.default\">\n\t\t\t\t<div class=\"elementor-widget-container\">\n\t\t\t\t\t\t\t<p><b>Salle informatique<\/b> et <b>espace cocon<\/b> o\u00f9 vous pourrez aussi bien vous installer derri\u00e8re un ordinateur pour jouer (temps limit\u00e9) ou travailler (temps illimit\u00e9) ou passer un moment au calme (jeux de soci\u00e9t\u00e9, lecture, discussion &#8230;)<\/p>\t\t\t\t\t\t<\/div>\n\t\t\t\t<\/div>\n\t\t\t\t\t<\/div>\n\t\t<\/div>\n\t\t\t\t<div class=\"elementor-column elementor-col-50 elementor-inner-column elementor-element elementor-element-754f069\" data-id=\"754f069\" data-element_type=\"column\">\n\t\t\t<div class=\"elementor-widget-wrap elementor-element-populated\">\n\t\t\t\t\t\t\t\t<div class=\"elementor-element elementor-element-e26e062 elementor-widget__width-initial elementor-absolute small-circle-animation5 elementor-hidden-mobile_extra elementor-hidden-mobile elementor-view-default elementor-widget elementor-widget-icon\" data-id=\"e26e062\" data-element_type=\"widget\" data-settings=\"{&quot;_position&quot;:&quot;absolute&quot;}\" data-widget_type=\"icon.default\">\n\t\t\t\t<div class=\"elementor-widget-container\">\n\t\t\t\t\t<div class=\"elementor-icon-wrapper\">\n\t\t\t<div class=\"elementor-icon\">\n\t\t\t<svg xmlns=\"http:\/\/www.w3.org\/2000\/svg\" width=\"69\" height=\"81\" viewBox=\"0 0 69 81\" fill=\"none\"><path d=\"M68.4119 1.32388C57.7226 2.13821 37.2197 7.16034 40.7222 20.7342C45.1004 37.7016 70.0852 23.3796 55.0829 15.1836C40.0805 6.9876 5.44103 21.3093 18.794 45.3815C32.147 69.4537 43.2153 48.0265 36.948 38.3647C30.0124 27.6727 14.8627 18.2897 4.33827 41.0171C-4.08123 59.1991 10.6607 74.0266 19.0841 79.1676\" stroke=\"#0D0303\" stroke-width=\"2\"><\/path><\/svg>\t\t\t<\/div>\n\t\t<\/div>\n\t\t\t\t<\/div>\n\t\t\t\t<\/div>\n\t\t\t\t<div class=\"elementor-element elementor-element-e4de9f4 elementor-widget elementor-widget-image\" data-id=\"e4de9f4\" data-element_type=\"widget\" data-widget_type=\"image.default\">\n\t\t\t\t<div class=\"elementor-widget-container\">\n\t\t\t<style>\/*! elementor - v3.17.0 - 08-11-2023 *\/\n.elementor-widget-image{text-align:center}.elementor-widget-image a{display:inline-block}.elementor-widget-image a img[src$=\".svg\"]{width:48px}.elementor-widget-image img{vertical-align:middle;display:inline-block}<\/style>\t\t\t\t\t\t\t\t\t\t\t\t<img loading=\"lazy\" decoding=\"async\" width=\"1280\" height=\"960\" src=\"https:\/\/emaj78.org\/wp-content\/uploads\/2023\/05\/people-and-technology.png\" class=\"attachment-full size-full wp-image-8935\" alt=\"\" srcset=\"https:\/\/emaj78.org\/wp-content\/uploads\/2023\/05\/people-and-technology.png 1280w, https:\/\/emaj78.org\/wp-content\/uploads\/2023\/05\/people-and-technology-300x225.png 300w, https:\/\/emaj78.org\/wp-content\/uploads\/2023\/05\/people-and-technology-1024x768.png 1024w, https:\/\/emaj78.org\/wp-content\/uploads\/2023\/05\/people-and-technology-768x576.png 768w\" sizes=\"auto, (max-width: 1280px) 100vw, 1280px\" \/>\t\t\t\t\t\t\t\t\t\t\t\t\t\t\t<\/div>\n\t\t\t\t<\/div>\n\t\t\t\t\t<\/div>\n\t\t<\/div>\n\t\t\t\t\t\t\t<\/div>\n\t\t<\/section>\n\t\t\t\t\t<\/div>\n\t\t<\/div>\n\t\t\t\t\t\t\t<\/div>\n\t\t<\/section>\n\t\t\t\t\t\t\t<\/div>\n\t\t","protected":false},"excerpt":{"rendered":"<p>Une salle multim\u00e9dia et d\u00e9tente Le web-cocon Salle informatique et espace cocon o\u00f9 vous pourrez aussi bien vous installer derri\u00e8re un ordinateur pour jouer (temps limit\u00e9) ou travailler (temps illimit\u00e9) ou passer un moment au calme (jeux de soci\u00e9t\u00e9, lecture, discussion &#8230;)<\/p>\n","protected":false},"author":1,"featured_media":0,"parent":1472,"menu_order":0,"comment_status":"closed","ping_status":"closed","template":"elementor_header_footer","meta":{"footnotes":""},"class_list":["post-4685","page","type-page","status-publish","hentry"],"_links":{"self":[{"href":"https:\/\/emaj78.org\/index.php?rest_route=\/wp\/v2\/pages\/4685","targetHints":{"allow":["GET"]}}],"collection":[{"href":"https:\/\/emaj78.org\/index.php?rest_route=\/wp\/v2\/pages"}],"about":[{"href":"https:\/\/emaj78.org\/index.php?rest_route=\/wp\/v2\/types\/page"}],"author":[{"embeddable":true,"href":"https:\/\/emaj78.org\/index.php?rest_route=\/wp\/v2\/users\/1"}],"replies":[{"embeddable":true,"href":"https:\/\/emaj78.org\/index.php?rest_route=%2Fwp%2Fv2%2Fcomments&post=4685"}],"version-history":[{"count":4,"href":"https:\/\/emaj78.org\/index.php?rest_route=\/wp\/v2\/pages\/4685\/revisions"}],"predecessor-version":[{"id":9012,"href":"https:\/\/emaj78.org\/index.php?rest_route=\/wp\/v2\/pages\/4685\/revisions\/9012"}],"up":[{"embeddable":true,"href":"https:\/\/emaj78.org\/index.php?rest_route=\/wp\/v2\/pages\/1472"}],"wp:attachment":[{"href":"https:\/\/emaj78.org\/index.php?rest_route=%2Fwp%2Fv2%2Fmedia&parent=4685"}],"curies":[{"name":"wp","href":"https:\/\/api.w.org\/{rel}","templated":true}]}}