{"id":6005,"date":"2023-04-18T08:39:07","date_gmt":"2023-04-18T08:39:07","guid":{"rendered":"http:\/\/emaj78.org\/?page_id=6005"},"modified":"2023-05-20T22:24:34","modified_gmt":"2023-05-20T20:24:34","slug":"super-heros","status":"publish","type":"page","link":"https:\/\/emaj78.org\/?page_id=6005","title":{"rendered":"Le Super-H\u00e9ros"},"content":{"rendered":"\t\t<div data-elementor-type=\"wp-page\" data-elementor-id=\"6005\" class=\"elementor elementor-6005\">\n\t\t\t\t\t\t\t\t\t<section class=\"elementor-section elementor-top-section elementor-element elementor-element-f37de0a elementor-section-boxed elementor-section-height-default elementor-section-height-default\" data-id=\"f37de0a\" data-element_type=\"section\" data-settings=\"{&quot;background_background&quot;:&quot;gradient&quot;,&quot;shape_divider_bottom&quot;:&quot;tilt&quot;}\">\n\t\t\t\t\t\t\t<div class=\"elementor-background-overlay\"><\/div>\n\t\t\t\t\t\t<div class=\"elementor-shape elementor-shape-bottom\" data-negative=\"false\">\n\t\t\t<svg xmlns=\"http:\/\/www.w3.org\/2000\/svg\" viewBox=\"0 0 1000 100\" preserveAspectRatio=\"none\">\n\t<path class=\"elementor-shape-fill\" d=\"M0,6V0h1000v100L0,6z\"\/>\n<\/svg>\t\t<\/div>\n\t\t\t\t\t<div class=\"elementor-container elementor-column-gap-default\">\n\t\t\t\t\t<div class=\"elementor-column elementor-col-100 elementor-top-column elementor-element elementor-element-f0ed9fc\" data-id=\"f0ed9fc\" data-element_type=\"column\">\n\t\t\t<div class=\"elementor-widget-wrap elementor-element-populated\">\n\t\t\t\t\t\t\t\t<div class=\"elementor-element elementor-element-8c3a845 elementor-widget__width-auto elementor-absolute small-circle-animation5 elementor-hidden-tablet_extra elementor-hidden-tablet elementor-hidden-mobile_extra elementor-hidden-mobile elementor-widget elementor-widget-image\" data-id=\"8c3a845\" data-element_type=\"widget\" data-settings=\"{&quot;_position&quot;:&quot;absolute&quot;}\" data-widget_type=\"image.default\">\n\t\t\t\t<div class=\"elementor-widget-container\">\n\t\t\t<style>\/*! elementor - v3.17.0 - 08-11-2023 *\/\n.elementor-widget-image{text-align:center}.elementor-widget-image a{display:inline-block}.elementor-widget-image a img[src$=\".svg\"]{width:48px}.elementor-widget-image img{vertical-align:middle;display:inline-block}<\/style>\t\t\t\t\t\t\t\t\t\t\t\t<img loading=\"lazy\" decoding=\"async\" width=\"52\" height=\"50\" src=\"https:\/\/emaj78.org\/wp-content\/uploads\/2023\/04\/plane.png\" class=\"attachment-full size-full wp-image-3791\" alt=\"\" \/>\t\t\t\t\t\t\t\t\t\t\t\t\t\t\t<\/div>\n\t\t\t\t<\/div>\n\t\t\t\t<section class=\"elementor-section elementor-inner-section elementor-element elementor-element-1c14e9c elementor-section-boxed elementor-section-height-default elementor-section-height-default\" data-id=\"1c14e9c\" data-element_type=\"section\">\n\t\t\t\t\t\t<div class=\"elementor-container elementor-column-gap-default\">\n\t\t\t\t\t<div class=\"elementor-column elementor-col-50 elementor-inner-column elementor-element elementor-element-5ffb4e6\" data-id=\"5ffb4e6\" data-element_type=\"column\">\n\t\t\t<div class=\"elementor-widget-wrap elementor-element-populated\">\n\t\t\t\t\t\t\t\t<div class=\"elementor-element elementor-element-24d4ca2 elementor-invisible elementor-widget elementor-widget-text-editor\" data-id=\"24d4ca2\" data-element_type=\"widget\" data-settings=\"{&quot;_animation&quot;:&quot;fadeInUp&quot;,&quot;_animation_delay&quot;:200}\" data-widget_type=\"text-editor.default\">\n\t\t\t\t<div class=\"elementor-widget-container\">\n\t\t\t<style>\/*! elementor - v3.17.0 - 08-11-2023 *\/\n.elementor-widget-text-editor.elementor-drop-cap-view-stacked .elementor-drop-cap{background-color:#69727d;color:#fff}.elementor-widget-text-editor.elementor-drop-cap-view-framed .elementor-drop-cap{color:#69727d;border:3px solid;background-color:transparent}.elementor-widget-text-editor:not(.elementor-drop-cap-view-default) .elementor-drop-cap{margin-top:8px}.elementor-widget-text-editor:not(.elementor-drop-cap-view-default) .elementor-drop-cap-letter{width:1em;height:1em}.elementor-widget-text-editor .elementor-drop-cap{float:left;text-align:center;line-height:1;font-size:50px}.elementor-widget-text-editor .elementor-drop-cap-letter{display:inline-block}<\/style>\t\t\t\t<p><strong>Une salle d&#8217;activit\u00e9 vari\u00e9e<br \/><\/strong><\/p>\t\t\t\t\t\t<\/div>\n\t\t\t\t<\/div>\n\t\t\t\t<div class=\"elementor-element elementor-element-c82c0ce elementor-invisible elementor-widget elementor-widget-radiant-custom-heading\" data-id=\"c82c0ce\" data-element_type=\"widget\" data-settings=\"{&quot;_animation&quot;:&quot;fadeInUp&quot;,&quot;_animation_delay&quot;:300}\" data-widget_type=\"radiant-custom-heading.default\">\n\t\t\t\t<div class=\"elementor-widget-container\">\n\t\t\t<div class=\"rt-hover-heading \"><h1 class=\"rt-title-heading\">Le Super-H\u00e9ros<\/h1>\n                <\/div>\t\t<\/div>\n\t\t\t\t<\/div>\n\t\t\t\t<div class=\"elementor-element elementor-element-b59275b elementor-invisible elementor-widget elementor-widget-text-editor\" data-id=\"b59275b\" data-element_type=\"widget\" data-settings=\"{&quot;_animation&quot;:&quot;fadeInUp&quot;,&quot;_animation_delay&quot;:400}\" data-widget_type=\"text-editor.default\">\n\t\t\t\t<div class=\"elementor-widget-container\">\n\t\t\t\t\t\t\t<p><strong>Salle d&#8217;activit\u00e9<\/strong> avec une table de ping-pong, un \u00e9cran avec console, une zone d&#8217;activit\u00e9s manuelles et d&#8217;une cuiside p\u00e9dagogiques.<b><br \/><\/b><\/p>\t\t\t\t\t\t<\/div>\n\t\t\t\t<\/div>\n\t\t\t\t\t<\/div>\n\t\t<\/div>\n\t\t\t\t<div class=\"elementor-column elementor-col-50 elementor-inner-column elementor-element elementor-element-fd5aedc\" data-id=\"fd5aedc\" data-element_type=\"column\">\n\t\t\t<div class=\"elementor-widget-wrap elementor-element-populated\">\n\t\t\t\t\t\t\t\t<div class=\"elementor-element elementor-element-6e3ba72 elementor-widget__width-initial elementor-absolute small-circle-animation5 elementor-hidden-mobile_extra elementor-hidden-mobile elementor-view-default elementor-widget elementor-widget-icon\" data-id=\"6e3ba72\" data-element_type=\"widget\" data-settings=\"{&quot;_position&quot;:&quot;absolute&quot;}\" data-widget_type=\"icon.default\">\n\t\t\t\t<div class=\"elementor-widget-container\">\n\t\t\t\t\t<div class=\"elementor-icon-wrapper\">\n\t\t\t<div class=\"elementor-icon\">\n\t\t\t<svg xmlns=\"http:\/\/www.w3.org\/2000\/svg\" width=\"69\" height=\"81\" viewBox=\"0 0 69 81\" fill=\"none\"><path d=\"M68.4119 1.32388C57.7226 2.13821 37.2197 7.16034 40.7222 20.7342C45.1004 37.7016 70.0852 23.3796 55.0829 15.1836C40.0805 6.9876 5.44103 21.3093 18.794 45.3815C32.147 69.4537 43.2153 48.0265 36.948 38.3647C30.0124 27.6727 14.8627 18.2897 4.33827 41.0171C-4.08123 59.1991 10.6607 74.0266 19.0841 79.1676\" stroke=\"#0D0303\" stroke-width=\"2\"><\/path><\/svg>\t\t\t<\/div>\n\t\t<\/div>\n\t\t\t\t<\/div>\n\t\t\t\t<\/div>\n\t\t\t\t<div class=\"elementor-element elementor-element-93cf1c9 elementor-widget elementor-widget-image\" data-id=\"93cf1c9\" data-element_type=\"widget\" data-widget_type=\"image.default\">\n\t\t\t\t<div class=\"elementor-widget-container\">\n\t\t\t\t\t\t\t\t\t\t\t\t\t\t\t<img loading=\"lazy\" decoding=\"async\" width=\"1280\" height=\"960\" src=\"https:\/\/emaj78.org\/wp-content\/uploads\/2023\/05\/people-hanging-out-indoors1.png\" class=\"attachment-full size-full wp-image-8937\" alt=\"\" srcset=\"https:\/\/emaj78.org\/wp-content\/uploads\/2023\/05\/people-hanging-out-indoors1.png 1280w, https:\/\/emaj78.org\/wp-content\/uploads\/2023\/05\/people-hanging-out-indoors1-300x225.png 300w, https:\/\/emaj78.org\/wp-content\/uploads\/2023\/05\/people-hanging-out-indoors1-1024x768.png 1024w, https:\/\/emaj78.org\/wp-content\/uploads\/2023\/05\/people-hanging-out-indoors1-768x576.png 768w\" sizes=\"auto, (max-width: 1280px) 100vw, 1280px\" \/>\t\t\t\t\t\t\t\t\t\t\t\t\t\t\t<\/div>\n\t\t\t\t<\/div>\n\t\t\t\t\t<\/div>\n\t\t<\/div>\n\t\t\t\t\t\t\t<\/div>\n\t\t<\/section>\n\t\t\t\t<div class=\"elementor-element elementor-element-28aef7d elementor-widget__width-auto elementor-absolute small-circle-animation elementor-hidden-tablet elementor-hidden-mobile_extra elementor-hidden-mobile elementor-widget elementor-widget-image\" data-id=\"28aef7d\" data-element_type=\"widget\" data-settings=\"{&quot;_position&quot;:&quot;absolute&quot;}\" data-widget_type=\"image.default\">\n\t\t\t\t<div class=\"elementor-widget-container\">\n\t\t\t\t\t\t\t\t\t\t\t\t\t\t\t<img loading=\"lazy\" decoding=\"async\" width=\"8\" height=\"8\" src=\"https:\/\/emaj78.org\/wp-content\/uploads\/2023\/04\/red-small-square.png\" class=\"attachment-full size-full wp-image-6090\" alt=\"Red Small Square\" \/>\t\t\t\t\t\t\t\t\t\t\t\t\t\t\t<\/div>\n\t\t\t\t<\/div>\n\t\t\t\t<div class=\"elementor-element elementor-element-b0a4205 elementor-widget__width-auto elementor-absolute small-circle-animation5 elementor-widget elementor-widget-image\" data-id=\"b0a4205\" data-element_type=\"widget\" data-settings=\"{&quot;_position&quot;:&quot;absolute&quot;}\" data-widget_type=\"image.default\">\n\t\t\t\t<div class=\"elementor-widget-container\">\n\t\t\t\t\t\t\t\t\t\t\t\t\t\t\t<img loading=\"lazy\" decoding=\"async\" width=\"7\" height=\"7\" src=\"https:\/\/emaj78.org\/wp-content\/uploads\/2023\/04\/green-small-square.png\" class=\"attachment-full size-full wp-image-6089\" alt=\"Green Small Square\" \/>\t\t\t\t\t\t\t\t\t\t\t\t\t\t\t<\/div>\n\t\t\t\t<\/div>\n\t\t\t\t\t<\/div>\n\t\t<\/div>\n\t\t\t\t\t\t\t<\/div>\n\t\t<\/section>\n\t\t\t\t\t\t\t<\/div>\n\t\t","protected":false},"excerpt":{"rendered":"<p>Une salle d&#8217;activit\u00e9 vari\u00e9e Le Super-H\u00e9ros Salle d&#8217;activit\u00e9 avec une table de ping-pong, un \u00e9cran avec console, une zone d&#8217;activit\u00e9s manuelles et d&#8217;une cuiside p\u00e9dagogiques.<\/p>\n","protected":false},"author":1,"featured_media":0,"parent":1472,"menu_order":0,"comment_status":"closed","ping_status":"closed","template":"elementor_header_footer","meta":{"footnotes":""},"class_list":["post-6005","page","type-page","status-publish","hentry"],"_links":{"self":[{"href":"https:\/\/emaj78.org\/index.php?rest_route=\/wp\/v2\/pages\/6005","targetHints":{"allow":["GET"]}}],"collection":[{"href":"https:\/\/emaj78.org\/index.php?rest_route=\/wp\/v2\/pages"}],"about":[{"href":"https:\/\/emaj78.org\/index.php?rest_route=\/wp\/v2\/types\/page"}],"author":[{"embeddable":true,"href":"https:\/\/emaj78.org\/index.php?rest_route=\/wp\/v2\/users\/1"}],"replies":[{"embeddable":true,"href":"https:\/\/emaj78.org\/index.php?rest_route=%2Fwp%2Fv2%2Fcomments&post=6005"}],"version-history":[{"count":7,"href":"https:\/\/emaj78.org\/index.php?rest_route=\/wp\/v2\/pages\/6005\/revisions"}],"predecessor-version":[{"id":9124,"href":"https:\/\/emaj78.org\/index.php?rest_route=\/wp\/v2\/pages\/6005\/revisions\/9124"}],"up":[{"embeddable":true,"href":"https:\/\/emaj78.org\/index.php?rest_route=\/wp\/v2\/pages\/1472"}],"wp:attachment":[{"href":"https:\/\/emaj78.org\/index.php?rest_route=%2Fwp%2Fv2%2Fmedia&parent=6005"}],"curies":[{"name":"wp","href":"https:\/\/api.w.org\/{rel}","templated":true}]}}